{"id":501,"date":"2022-09-30T13:44:00","date_gmt":"2022-09-30T11:44:00","guid":{"rendered":"https:\/\/www.mgydabogados.com\/legal-notice\/"},"modified":"2023-11-29T12:24:54","modified_gmt":"2023-11-29T10:24:54","slug":"legal-notice","status":"publish","type":"page","link":"https:\/\/www.mgydabogados.com\/en\/legal-notice\/","title":{"rendered":"Legal Notice"},"content":{"rendered":"<section class=\"l-section wpb_row height_medium\"><div class=\"l-section-h i-cf\"><div class=\"g-cols vc_row via_flex valign_top type_default stacking_default\"><div class=\"vc_col-sm-12 wpb_column vc_column_container\"><div class=\"vc_column-inner\"><div class=\"wpb_wrapper\">[vc_custom_heading text=&#8221;Legal Notice&#8221; font_container=&#8221;tag:h1|text_align:left&#8221; use_theme_fonts=&#8221;yes&#8221;]<div class=\"wpb_text_column\"><div class=\"wpb_wrapper\"><p>In compliance with the provisions of Law 34\/2002 of July 11, 2002, on Information Society Services and Electronic Commerce (LSSICE), the general information of the website <a href=\"https:\/\/www.mgydabogados.com\/en\/\">https:\/\/www.mgydabogados.com\/<\/a> is provided below.<\/p>\n<h2>1. Entity<\/h2>\n<p><strong>Mar\u00eda del Carmen Mart\u00ednez Dom\u00ednguez<\/strong><br \/>\nTAX ID NUMBER: 76639456Y<br \/>\nTlf: 644066765<br \/>\nPez Dorado Street 42 5D 29620 Torremolinos (M\u00e1laga)<br \/>\nEmail: <a href=\"mailto:mgd.abogadosmalaga@gmail.com\">mgd.abogadosmalaga@gmail.com<\/a><\/p>\n<h2>2. Use of the Web Site<\/h2>\n<p>The Web site is offered for promotional purposes, informing about the various services offered by MGYD Abogados, a company dedicated to providing legal services.<\/p>\n<p>MGYD Abogados may stop providing the information services offered on this website without any communication with the user, which will not entail any legal obligation to the user or third parties.<\/p>\n<h2>3. Privacy<\/h2>\n<p>The information that MGYD Abogados may collect from users of this website will be used exclusively to provide information to interested parties who so request and\/or to answer any queries deemed appropriate by the user.<\/p>\n<p>For more information, please see our Privacy Policy.<\/p>\n<h2>4. Links to Third Parties<\/h2>\n<p>In the case of links to third party sites, the user will be governed by the Terms of Use and Privacy Policy of the new site, accepting that MGYD Abogados will not be responsible or have any legal obligation for the use of such sites.<\/p>\n<h2>5. Intellectual Property<\/h2>\n<p>MGYD Abogados, by itself or as assignee or licensee, is the owner of all intellectual and industrial property rights of the elements that make up this website, and all rights are reserved. Conduct such as the reproduction, distribution and public communication, including the total or partial making available of the contents of this website for commercial purposes is expressly prohibited in accordance with articles 8 and 21 of the Intellectual Property Law.<\/p>\n<p>The user of the website may in any case view the elements and contents of this website and may print them, store them and even copy them in any medium, provided that they are intended for strictly personal and private use.<\/p>\n<h2>6. Terms of use and liability<\/h2>\n<p>The user of the MGYD Abogados website agrees to use this website in accordance with the law, morality and public order.<\/p>\n<p>We can specify the following behaviors that the user must refrain from performing:<\/p>\n<p>Unauthorized or fraudulent use of the website.<br \/>\nAttempting unauthorized access by its legitimate owner.<br \/>\nAny use of the web portal for illicit purposes, or harmful to third parties or with the intention of harming the site and other users of the same.<br \/>\nProduce any damage to the systems that this website may have installed for its operation.<\/p>\n<p>The owner of MGYD Abogados, will only be responsible for those contents created and added by himself, not for links that may incorporate third parties, or those external links that redirect to another website that certainly does not control its alteration.<br \/>\nThe owner reserves the right to make any alterations it deems appropriate without prior notice, both of its contents and of the services it offers. In addition, it reserves the right to approve or remove content added by third parties that it considers inappropriate.<\/p>\n<h2>7. Modifications to the Terms of Use<\/h2>\n<p>MGYD Abogados, reserves the right to modify its terms of use and Privacy Policy when deemed appropriate. The user is obliged to review the content of these terms of use, as they may be modified without prior notice. Likewise, he\/she understands and accepts each and every one of the clauses contained in this document. It is the sole responsibility of the user to review the above terms.<\/p>\n<h2>8. Applicable Law and Jurisdiction<\/h2>\n<p>The applicable law in case of dispute or conflict of interpretation of the terms that make up this Legal Notice, as well as any matter related to the services of this Portal, shall be Spanish law.<br \/>\nFor the resolution of any conflict that may arise on the occasion of the visit to the Portal or the use of the contents that may be published therein, these shall be settled in the corresponding Courts and Tribunals.<\/p>\n<\/div><\/div><\/div><\/div><\/div><\/div><\/div><\/section>\n","protected":false},"excerpt":{"rendered":"[vc_custom_heading text=\"Legal Notice\" font_container=\"tag:h1|text_align:left\" use_theme_fonts=\"yes\"]In compliance with the provisions of Law 34\/2002 of July 11, 2002, on Information Society Services and Electronic Commerce (LSSICE), the general information of the website https:\/\/www.mgydabogados.com\/ is provided below. 1. Entity Mar\u00eda del Carmen Mart\u00ednez Dom\u00ednguez TAX ID NUMBER: 76639456Y Tlf: 644066765 Pez Dorado Street 42 5D 29620 Torremolinos (M\u00e1laga)...","protected":false},"author":1,"featured_media":0,"parent":0,"menu_order":0,"comment_status":"closed","ping_status":"open","template":"","meta":{"inline_featured_image":false,"footnotes":""},"class_list":["post-501","page","type-page","status-publish","hentry"],"acf":[],"yoast_head":"<!-- This site is optimized with the Yoast SEO plugin v27.5 - https:\/\/yoast.com\/product\/yoast-seo-wordpress\/ -->\n<title>Legal Notice - MGYD Abogados<\/title>\n<meta name=\"robots\" content=\"noindex, follow\" \/>\n<meta property=\"og:locale\" content=\"en_US\" \/>\n<meta property=\"og:type\" content=\"article\" \/>\n<meta property=\"og:title\" content=\"Legal Notice - MGYD Abogados\" \/>\n<meta property=\"og:url\" content=\"https:\/\/www.mgydabogados.com\/en\/legal-notice\/\" \/>\n<meta property=\"og:site_name\" content=\"MGYD Abogados\" \/>\n<meta property=\"article:modified_time\" content=\"2023-11-29T10:24:54+00:00\" \/>\n<meta property=\"og:image\" content=\"https:\/\/www.mgydabogados.com\/wp-content\/uploads\/2023\/09\/LOGOTIPO.png\" \/>\n\t<meta property=\"og:image:width\" content=\"271\" \/>\n\t<meta property=\"og:image:height\" content=\"374\" \/>\n\t<meta property=\"og:image:type\" content=\"image\/png\" \/>\n<meta name=\"twitter:card\" content=\"summary_large_image\" \/>\n<meta name=\"twitter:label1\" content=\"Est. reading time\" \/>\n\t<meta name=\"twitter:data1\" content=\"3 minutes\" \/>\n<script type=\"application\/ld+json\" class=\"yoast-schema-graph\">{\"@context\":\"https:\\\/\\\/schema.org\",\"@graph\":[{\"@type\":\"WebPage\",\"@id\":\"https:\\\/\\\/www.mgydabogados.com\\\/en\\\/legal-notice\\\/\",\"url\":\"https:\\\/\\\/www.mgydabogados.com\\\/en\\\/legal-notice\\\/\",\"name\":\"Legal Notice - MGYD Abogados\",\"isPartOf\":{\"@id\":\"https:\\\/\\\/www.mgydabogados.com\\\/en\\\/#website\"},\"datePublished\":\"2022-09-30T11:44:00+00:00\",\"dateModified\":\"2023-11-29T10:24:54+00:00\",\"breadcrumb\":{\"@id\":\"https:\\\/\\\/www.mgydabogados.com\\\/en\\\/legal-notice\\\/#breadcrumb\"},\"inLanguage\":\"en-US\",\"potentialAction\":[{\"@type\":\"ReadAction\",\"target\":[\"https:\\\/\\\/www.mgydabogados.com\\\/en\\\/legal-notice\\\/\"]}]},{\"@type\":\"BreadcrumbList\",\"@id\":\"https:\\\/\\\/www.mgydabogados.com\\\/en\\\/legal-notice\\\/#breadcrumb\",\"itemListElement\":[{\"@type\":\"ListItem\",\"position\":1,\"name\":\"Portada\",\"item\":\"https:\\\/\\\/www.mgydabogados.com\\\/en\\\/home\\\/\"},{\"@type\":\"ListItem\",\"position\":2,\"name\":\"Legal Notice\"}]},{\"@type\":\"WebSite\",\"@id\":\"https:\\\/\\\/www.mgydabogados.com\\\/en\\\/#website\",\"url\":\"https:\\\/\\\/www.mgydabogados.com\\\/en\\\/\",\"name\":\"MGYD Abogados\",\"description\":\"\",\"publisher\":{\"@id\":\"https:\\\/\\\/www.mgydabogados.com\\\/en\\\/#organization\"},\"potentialAction\":[{\"@type\":\"SearchAction\",\"target\":{\"@type\":\"EntryPoint\",\"urlTemplate\":\"https:\\\/\\\/www.mgydabogados.com\\\/en\\\/?s={search_term_string}\"},\"query-input\":{\"@type\":\"PropertyValueSpecification\",\"valueRequired\":true,\"valueName\":\"search_term_string\"}}],\"inLanguage\":\"en-US\"},{\"@type\":\"Organization\",\"@id\":\"https:\\\/\\\/www.mgydabogados.com\\\/en\\\/#organization\",\"name\":\"MGYD Abogados\",\"url\":\"https:\\\/\\\/www.mgydabogados.com\\\/en\\\/\",\"logo\":{\"@type\":\"ImageObject\",\"inLanguage\":\"en-US\",\"@id\":\"https:\\\/\\\/www.mgydabogados.com\\\/en\\\/#\\\/schema\\\/logo\\\/image\\\/\",\"url\":\"https:\\\/\\\/www.mgydabogados.com\\\/wp-content\\\/uploads\\\/2023\\\/09\\\/LOGOTIPO.png\",\"contentUrl\":\"https:\\\/\\\/www.mgydabogados.com\\\/wp-content\\\/uploads\\\/2023\\\/09\\\/LOGOTIPO.png\",\"width\":271,\"height\":374,\"caption\":\"MGYD Abogados\"},\"image\":{\"@id\":\"https:\\\/\\\/www.mgydabogados.com\\\/en\\\/#\\\/schema\\\/logo\\\/image\\\/\"}}]}<\/script>\n<!-- \/ Yoast SEO plugin. -->","yoast_head_json":{"title":"Legal Notice - MGYD Abogados","robots":{"index":"noindex","follow":"follow"},"og_locale":"en_US","og_type":"article","og_title":"Legal Notice - MGYD Abogados","og_url":"https:\/\/www.mgydabogados.com\/en\/legal-notice\/","og_site_name":"MGYD Abogados","article_modified_time":"2023-11-29T10:24:54+00:00","og_image":[{"width":271,"height":374,"url":"https:\/\/www.mgydabogados.com\/wp-content\/uploads\/2023\/09\/LOGOTIPO.png","type":"image\/png"}],"twitter_card":"summary_large_image","twitter_misc":{"Est. reading time":"3 minutes"},"schema":{"@context":"https:\/\/schema.org","@graph":[{"@type":"WebPage","@id":"https:\/\/www.mgydabogados.com\/en\/legal-notice\/","url":"https:\/\/www.mgydabogados.com\/en\/legal-notice\/","name":"Legal Notice - MGYD Abogados","isPartOf":{"@id":"https:\/\/www.mgydabogados.com\/en\/#website"},"datePublished":"2022-09-30T11:44:00+00:00","dateModified":"2023-11-29T10:24:54+00:00","breadcrumb":{"@id":"https:\/\/www.mgydabogados.com\/en\/legal-notice\/#breadcrumb"},"inLanguage":"en-US","potentialAction":[{"@type":"ReadAction","target":["https:\/\/www.mgydabogados.com\/en\/legal-notice\/"]}]},{"@type":"BreadcrumbList","@id":"https:\/\/www.mgydabogados.com\/en\/legal-notice\/#breadcrumb","itemListElement":[{"@type":"ListItem","position":1,"name":"Portada","item":"https:\/\/www.mgydabogados.com\/en\/home\/"},{"@type":"ListItem","position":2,"name":"Legal Notice"}]},{"@type":"WebSite","@id":"https:\/\/www.mgydabogados.com\/en\/#website","url":"https:\/\/www.mgydabogados.com\/en\/","name":"MGYD Abogados","description":"","publisher":{"@id":"https:\/\/www.mgydabogados.com\/en\/#organization"},"potentialAction":[{"@type":"SearchAction","target":{"@type":"EntryPoint","urlTemplate":"https:\/\/www.mgydabogados.com\/en\/?s={search_term_string}"},"query-input":{"@type":"PropertyValueSpecification","valueRequired":true,"valueName":"search_term_string"}}],"inLanguage":"en-US"},{"@type":"Organization","@id":"https:\/\/www.mgydabogados.com\/en\/#organization","name":"MGYD Abogados","url":"https:\/\/www.mgydabogados.com\/en\/","logo":{"@type":"ImageObject","inLanguage":"en-US","@id":"https:\/\/www.mgydabogados.com\/en\/#\/schema\/logo\/image\/","url":"https:\/\/www.mgydabogados.com\/wp-content\/uploads\/2023\/09\/LOGOTIPO.png","contentUrl":"https:\/\/www.mgydabogados.com\/wp-content\/uploads\/2023\/09\/LOGOTIPO.png","width":271,"height":374,"caption":"MGYD Abogados"},"image":{"@id":"https:\/\/www.mgydabogados.com\/en\/#\/schema\/logo\/image\/"}}]}},"_links":{"self":[{"href":"https:\/\/www.mgydabogados.com\/en\/wp-json\/wp\/v2\/pages\/501","targetHints":{"allow":["GET"]}}],"collection":[{"href":"https:\/\/www.mgydabogados.com\/en\/wp-json\/wp\/v2\/pages"}],"about":[{"href":"https:\/\/www.mgydabogados.com\/en\/wp-json\/wp\/v2\/types\/page"}],"author":[{"embeddable":true,"href":"https:\/\/www.mgydabogados.com\/en\/wp-json\/wp\/v2\/users\/1"}],"replies":[{"embeddable":true,"href":"https:\/\/www.mgydabogados.com\/en\/wp-json\/wp\/v2\/comments?post=501"}],"version-history":[{"count":7,"href":"https:\/\/www.mgydabogados.com\/en\/wp-json\/wp\/v2\/pages\/501\/revisions"}],"predecessor-version":[{"id":599,"href":"https:\/\/www.mgydabogados.com\/en\/wp-json\/wp\/v2\/pages\/501\/revisions\/599"}],"wp:attachment":[{"href":"https:\/\/www.mgydabogados.com\/en\/wp-json\/wp\/v2\/media?parent=501"}],"curies":[{"name":"wp","href":"https:\/\/api.w.org\/{rel}","templated":true}]}}