{"id":496,"date":"2023-10-03T10:31:23","date_gmt":"2023-10-03T08:31:23","guid":{"rendered":"https:\/\/www.mgydabogados.com\/lawyers\/"},"modified":"2023-11-29T12:16:13","modified_gmt":"2023-11-29T10:16:13","slug":"lawyers","status":"publish","type":"page","link":"https:\/\/www.mgydabogados.com\/en\/lawyers\/","title":{"rendered":"Lawyers"},"content":{"rendered":"<section class=\"l-section wpb_row height_medium with_img\"><div class=\"l-section-img\" role=\"img\" data-img-width=\"1500\" data-img-height=\"1001\" style=\"background-image: url(https:\/\/www.mgydabogados.com\/wp-content\/uploads\/2023\/10\/abogado-con-cliente-mgydabogados.jpg);\"><\/div><div class=\"l-section-overlay\" style=\"background:rgba(26,26,26,0.70)\"><\/div><div class=\"l-section-h i-cf\"><div class=\"g-cols vc_row via_flex valign_top type_default stacking_default\"><div class=\"vc_col-sm-12 wpb_column vc_column_container\"><div class=\"vc_column-inner\"><div class=\"wpb_wrapper\"><div class=\"wpb_text_column us_custom_d44d8758 has_text_color\"><div class=\"wpb_wrapper\"><h1>OUR TEAM<\/h1>\n<\/div><\/div><div class=\"wpb_text_column us_custom_a1d1bdfb has_text_color\"><div class=\"wpb_wrapper\"><p>We have perfectly qualified lawyers for each type of service we offer.<\/p>\n<\/div><\/div><div class=\"w-separator size_medium\"><\/div><div class=\"w-btn-wrapper align_center\"><a class=\"w-btn us-btn-style_1\" href=\"https:\/\/www.mgydabogados.com\/en\/services\/\"><span class=\"w-btn-label\">See services<\/span><\/a><\/div><\/div><\/div><\/div><\/div><\/div><\/section><section class=\"l-section wpb_row height_medium with_img\"><div class=\"l-section-img\" role=\"img\" data-img-width=\"1920\" data-img-height=\"1559\" style=\"background-image: url(https:\/\/www.mgydabogados.com\/wp-content\/uploads\/2023\/10\/fondomarmol-1.jpg);\"><\/div><div class=\"l-section-h i-cf\"><div class=\"g-cols vc_row via_flex valign_top type_default stacking_default\"><div class=\"vc_col-sm-12 wpb_column vc_column_container\"><div class=\"vc_column-inner\"><div class=\"wpb_wrapper\"><div class=\"w-grid type_grid layout_238 cols_3\" id=\"us_grid_1\" style=\"--gap:0.8rem;\" data-filterable=\"true\"><style>@media (max-width:991px){#us_grid_1 .w-grid-item{width:50%}}@media (max-width:650px){#us_grid_1 .w-grid-list{margin:0}#us_grid_1 .w-grid-item{width:100%;padding:0;margin-bottom:var(--gap,0px)}}.layout_238 .w-grid-item-h{}.layout_238 .usg_post_image_1{transition-duration:0.3s;transform-origin:50% 50%;transform:scale(1) translate(0%,0%)}.layout_238 .w-grid-item-h:hover .usg_post_image_1{transform:scale(1) translate(0%,0%);opacity:0.1;background:#0d8e65!important}.layout_238 .usg_vwrapper_1{transition-duration:0.3s;transform-origin:50% 50%;transform:scale(1) translate(0%,0%)}.layout_238 .w-grid-item-h:hover .usg_vwrapper_1{transform:scale(1) translate(0%,0%);opacity:0}.layout_238 .usg_vwrapper_2{transition-duration:0.3s;transform-origin:50% 50%;transform:scale(1) translate(0%,0%)}.layout_238 .w-grid-item-h:hover .usg_vwrapper_2{transform:scale(1) translate(0%,0%);opacity:1;background:var(--color-header-middle-text-hover)!important;color:#ffffff!important}.layout_238 .usg_vwrapper_3{transition-duration:0.3s;transform-origin:50% 50%;transform:scale(1) translate(0%,0%);opacity:0}.layout_238 .w-grid-item-h:hover .usg_vwrapper_3{transform:scale(1) translate(0%,0%);opacity:1}.layout_238 .usg_vwrapper_1{position:absolute!important;left:1.1rem!important;bottom:2rem!important;right:1.1rem!important;padding:0.8rem!important;background:#1A1A1A!important}.layout_238 .usg_post_custom_field_1{color:#ffffff!important;font-size:22px!important}.layout_238 .usg_post_custom_field_2{color:#ffffff!important;font-size:22px!important;text-transform:uppercase!important}.layout_238 .usg_vwrapper_2{position:relative!important}.layout_238 .usg_vwrapper_3{position:absolute!important;left:1.1rem!important;top:2rem!important;right:1.1rem!important;padding:0.8rem!important}.layout_238 .usg_post_custom_field_3{color:#ffffff!important;font-size:22px!important;font-weight:600!important;text-transform:uppercase!important}.layout_238 .usg_post_custom_field_4{color:#ffffff!important;font-size:22px!important}.layout_238 .usg_post_custom_field_5{color:#ffffff!important;font-size:22px!important;text-transform:none!important;margin-top:2rem!important}<\/style><div class=\"w-grid-list\">\t<article class=\"w-grid-item post-545 us_testimonial type-us_testimonial status-publish has-post-thumbnail hentry\" data-id=\"545\">\r\n\t\t<div class=\"w-grid-item-h\">\r\n\t\t\t\t\t\t<div class=\"w-vwrapper usg_vwrapper_2 align_none valign_top\" style=\"--vwrapper-gap:0rem\"><div class=\"w-post-elm post_image usg_post_image_1 has_ratio\"><div style=\"padding-bottom:150%\"><\/div><img loading=\"lazy\" decoding=\"async\" width=\"492\" height=\"663\" src=\"https:\/\/www.mgydabogados.com\/wp-content\/uploads\/2023\/10\/abogada1-mgyd.jpg\" class=\"attachment-full size-full wp-post-image\" alt=\"\" srcset=\"https:\/\/www.mgydabogados.com\/wp-content\/uploads\/2023\/10\/abogada1-mgyd.jpg 492w, https:\/\/www.mgydabogados.com\/wp-content\/uploads\/2023\/10\/abogada1-mgyd-223x300.jpg 223w\" sizes=\"auto, (max-width: 492px) 100vw, 492px\" \/><\/div><div class=\"w-vwrapper usg_vwrapper_1 align_none valign_top\" style=\"--vwrapper-gap:0rem\"><div class=\"w-post-elm post_custom_field usg_post_custom_field_1 has_text_color type_text us_testimonial_author\"><span class=\"w-post-elm-value\">Mar\u00eda del Carmen Dom\u00ednguez Alonso<\/span><\/div><div class=\"w-post-elm post_custom_field usg_post_custom_field_2 has_text_color type_text us_testimonial_role\"><span class=\"w-post-elm-value\">Lawyer<\/span><\/div><\/div><div class=\"w-vwrapper usg_vwrapper_3 align_none valign_top\" style=\"--vwrapper-gap:0rem\"><div class=\"w-post-elm post_custom_field usg_post_custom_field_3 has_text_color type_text us_testimonial_author\"><span class=\"w-post-elm-value\">Mar\u00eda del Carmen Dom\u00ednguez Alonso<\/span><\/div><div class=\"w-post-elm post_custom_field usg_post_custom_field_4 has_text_color type_text us_testimonial_role\"><span class=\"w-post-elm-value\">Lawyer<\/span><\/div><div class=\"w-post-elm post_custom_field usg_post_custom_field_5 has_text_color type_text descripcion_abogados\"><span class=\"w-post-elm-value\">Areas of specialisation: Family law, inheritance and immigration law.<\/span><\/div><\/div><\/div>\t\t<\/div>\r\n\t<\/article>\r\n\t<article class=\"w-grid-item post-540 us_testimonial type-us_testimonial status-publish has-post-thumbnail hentry\" data-id=\"540\">\r\n\t\t<div class=\"w-grid-item-h\">\r\n\t\t\t\t\t\t<div class=\"w-vwrapper usg_vwrapper_2 align_none valign_top\" style=\"--vwrapper-gap:0rem\"><div class=\"w-post-elm post_image usg_post_image_1 has_ratio\"><div style=\"padding-bottom:150%\"><\/div><img loading=\"lazy\" decoding=\"async\" width=\"478\" height=\"784\" src=\"https:\/\/www.mgydabogados.com\/wp-content\/uploads\/2023\/10\/abogado-mgyd-1.jpg\" class=\"attachment-full size-full wp-post-image\" alt=\"\" srcset=\"https:\/\/www.mgydabogados.com\/wp-content\/uploads\/2023\/10\/abogado-mgyd-1.jpg 478w, https:\/\/www.mgydabogados.com\/wp-content\/uploads\/2023\/10\/abogado-mgyd-1-183x300.jpg 183w\" sizes=\"auto, (max-width: 478px) 100vw, 478px\" \/><\/div><div class=\"w-vwrapper usg_vwrapper_1 align_none valign_top\" style=\"--vwrapper-gap:0rem\"><div class=\"w-post-elm post_custom_field usg_post_custom_field_1 has_text_color type_text us_testimonial_author\"><span class=\"w-post-elm-value\">Juan Jos\u00e9 Mart\u00ednez Guerrero<\/span><\/div><div class=\"w-post-elm post_custom_field usg_post_custom_field_2 has_text_color type_text us_testimonial_role\"><span class=\"w-post-elm-value\">Lawyer<\/span><\/div><\/div><div class=\"w-vwrapper usg_vwrapper_3 align_none valign_top\" style=\"--vwrapper-gap:0rem\"><div class=\"w-post-elm post_custom_field usg_post_custom_field_3 has_text_color type_text us_testimonial_author\"><span class=\"w-post-elm-value\">Juan Jos\u00e9 Mart\u00ednez Guerrero<\/span><\/div><div class=\"w-post-elm post_custom_field usg_post_custom_field_4 has_text_color type_text us_testimonial_role\"><span class=\"w-post-elm-value\">Lawyer<\/span><\/div><div class=\"w-post-elm post_custom_field usg_post_custom_field_5 has_text_color type_text descripcion_abogados\"><span class=\"w-post-elm-value\">Criminal law, labour law.<\/span><\/div><\/div><\/div>\t\t<\/div>\r\n\t<\/article>\r\n\t<article class=\"w-grid-item post-536 us_testimonial type-us_testimonial status-publish has-post-thumbnail hentry\" data-id=\"536\">\r\n\t\t<div class=\"w-grid-item-h\">\r\n\t\t\t\t\t\t<div class=\"w-vwrapper usg_vwrapper_2 align_none valign_top\" style=\"--vwrapper-gap:0rem\"><div class=\"w-post-elm post_image usg_post_image_1 has_ratio\"><div style=\"padding-bottom:150%\"><\/div><img loading=\"lazy\" decoding=\"async\" width=\"498\" height=\"677\" src=\"https:\/\/www.mgydabogados.com\/wp-content\/uploads\/2023\/10\/abogada-maria-del-carmen.jpg\" class=\"attachment-full size-full wp-post-image\" alt=\"\" srcset=\"https:\/\/www.mgydabogados.com\/wp-content\/uploads\/2023\/10\/abogada-maria-del-carmen.jpg 498w, https:\/\/www.mgydabogados.com\/wp-content\/uploads\/2023\/10\/abogada-maria-del-carmen-221x300.jpg 221w\" sizes=\"auto, (max-width: 498px) 100vw, 498px\" \/><\/div><div class=\"w-vwrapper usg_vwrapper_1 align_none valign_top\" style=\"--vwrapper-gap:0rem\"><div class=\"w-post-elm post_custom_field usg_post_custom_field_1 has_text_color type_text us_testimonial_author\"><span class=\"w-post-elm-value\">Mar\u00eda del Carmen Mart\u00ednez Dom\u00ednguez<\/span><\/div><div class=\"w-post-elm post_custom_field usg_post_custom_field_2 has_text_color type_text us_testimonial_role\"><span class=\"w-post-elm-value\">Lawyer<\/span><\/div><\/div><div class=\"w-vwrapper usg_vwrapper_3 align_none valign_top\" style=\"--vwrapper-gap:0rem\"><div class=\"w-post-elm post_custom_field usg_post_custom_field_3 has_text_color type_text us_testimonial_author\"><span class=\"w-post-elm-value\">Mar\u00eda del Carmen Mart\u00ednez Dom\u00ednguez<\/span><\/div><div class=\"w-post-elm post_custom_field usg_post_custom_field_4 has_text_color type_text us_testimonial_role\"><span class=\"w-post-elm-value\">Lawyer<\/span><\/div><div class=\"w-post-elm post_custom_field usg_post_custom_field_5 has_text_color type_text descripcion_abogados\"><span class=\"w-post-elm-value\">Expertise: Sales and real estate law, foreigners, inheritance and contracts. Spanish and English.<\/span><\/div><\/div><\/div>\t\t<\/div>\r\n\t<\/article>\r\n<\/div><div class=\"w-grid-preloader\"><div class=\"g-preloader type_1\">\r\n\t<div><\/div>\r\n<\/div>\r\n<\/div>\t<div class=\"w-grid-json hidden\" onclick='return {&quot;action&quot;:&quot;us_ajax_grid&quot;,&quot;ajax_url&quot;:&quot;https:\\\/\\\/www.mgydabogados.com\\\/wp-admin\\\/admin-ajax.php&quot;,&quot;infinite_scroll&quot;:0,&quot;max_num_pages&quot;:1,&quot;pagination&quot;:&quot;none&quot;,&quot;permalink_url&quot;:&quot;https:\\\/\\\/www.mgydabogados.com\\\/en\\\/wp-json\\\/wp\\\/v2\\\/pages\\\/496\\\/&quot;,&quot;template_vars&quot;:{&quot;columns&quot;:&quot;3&quot;,&quot;exclude_items&quot;:&quot;none&quot;,&quot;img_size&quot;:&quot;default&quot;,&quot;ignore_items_size&quot;:0,&quot;items_layout&quot;:&quot;238&quot;,&quot;items_offset&quot;:&quot;1&quot;,&quot;load_animation&quot;:&quot;none&quot;,&quot;overriding_link&quot;:&quot;%7B%22url%22%3A%22%22%7D&quot;,&quot;post_id&quot;:0,&quot;query_args&quot;:{&quot;post_type&quot;:[&quot;us_testimonial&quot;],&quot;post_status&quot;:[&quot;publish&quot;,&quot;acf-disabled&quot;],&quot;posts_per_page&quot;:&quot;3&quot;},&quot;orderby_query_args&quot;:{&quot;orderby&quot;:{&quot;date&quot;:&quot;DESC&quot;}},&quot;type&quot;:&quot;grid&quot;,&quot;us_grid_ajax_index&quot;:1,&quot;us_grid_filter_params&quot;:null,&quot;us_grid_index&quot;:1,&quot;_us_grid_post_type&quot;:&quot;us_testimonial&quot;,&quot;page_args&quot;:[],&quot;lang&quot;:&quot;en&quot;}}'><\/div>\r\n\t<\/div><\/div><\/div><\/div><\/div><\/div><\/section>\n","protected":false},"excerpt":{"rendered":"","protected":false},"author":1,"featured_media":0,"parent":0,"menu_order":0,"comment_status":"closed","ping_status":"closed","template":"","meta":{"inline_featured_image":false,"footnotes":""},"class_list":["post-496","page","type-page","status-publish","hentry"],"acf":[],"yoast_head":"<!-- This site is optimized with the Yoast SEO plugin v27.5 - https:\/\/yoast.com\/product\/yoast-seo-wordpress\/ -->\n<title>Our team of lawyers - MGYD Abogados MGYD Abogados<\/title>\n<meta name=\"description\" content=\"We have perfectly qualified lawyers for each type of service we offer.\" \/>\n<meta name=\"robots\" content=\"index, follow, max-snippet:-1, max-image-preview:large, max-video-preview:-1\" \/>\n<link rel=\"canonical\" href=\"https:\/\/www.mgydabogados.com\/en\/lawyers\/\" \/>\n<meta property=\"og:locale\" content=\"en_US\" \/>\n<meta property=\"og:type\" content=\"article\" \/>\n<meta property=\"og:title\" content=\"Our team of lawyers - MGYD Abogados MGYD Abogados\" \/>\n<meta property=\"og:description\" content=\"We have perfectly qualified lawyers for each type of service we offer.\" \/>\n<meta property=\"og:url\" content=\"https:\/\/www.mgydabogados.com\/en\/lawyers\/\" \/>\n<meta property=\"og:site_name\" content=\"MGYD Abogados\" \/>\n<meta property=\"article:modified_time\" content=\"2023-11-29T10:16:13+00:00\" \/>\n<meta property=\"og:image\" content=\"https:\/\/www.mgydabogados.com\/wp-content\/uploads\/2023\/09\/LOGOTIPO.png\" \/>\n\t<meta property=\"og:image:width\" content=\"271\" \/>\n\t<meta property=\"og:image:height\" content=\"374\" \/>\n\t<meta property=\"og:image:type\" content=\"image\/png\" \/>\n<meta name=\"twitter:card\" content=\"summary_large_image\" \/>\n<meta name=\"twitter:label1\" content=\"Est. reading time\" \/>\n\t<meta name=\"twitter:data1\" content=\"1 minute\" \/>\n<script type=\"application\/ld+json\" class=\"yoast-schema-graph\">{\"@context\":\"https:\\\/\\\/schema.org\",\"@graph\":[{\"@type\":\"WebPage\",\"@id\":\"https:\\\/\\\/www.mgydabogados.com\\\/en\\\/lawyers\\\/\",\"url\":\"https:\\\/\\\/www.mgydabogados.com\\\/en\\\/lawyers\\\/\",\"name\":\"Our team of lawyers - MGYD Abogados MGYD Abogados\",\"isPartOf\":{\"@id\":\"https:\\\/\\\/www.mgydabogados.com\\\/en\\\/#website\"},\"datePublished\":\"2023-10-03T08:31:23+00:00\",\"dateModified\":\"2023-11-29T10:16:13+00:00\",\"description\":\"We have perfectly qualified lawyers for each type of service we offer.\",\"breadcrumb\":{\"@id\":\"https:\\\/\\\/www.mgydabogados.com\\\/en\\\/lawyers\\\/#breadcrumb\"},\"inLanguage\":\"en-US\",\"potentialAction\":[{\"@type\":\"ReadAction\",\"target\":[\"https:\\\/\\\/www.mgydabogados.com\\\/en\\\/lawyers\\\/\"]}]},{\"@type\":\"BreadcrumbList\",\"@id\":\"https:\\\/\\\/www.mgydabogados.com\\\/en\\\/lawyers\\\/#breadcrumb\",\"itemListElement\":[{\"@type\":\"ListItem\",\"position\":1,\"name\":\"Portada\",\"item\":\"https:\\\/\\\/www.mgydabogados.com\\\/en\\\/home\\\/\"},{\"@type\":\"ListItem\",\"position\":2,\"name\":\"Lawyers\"}]},{\"@type\":\"WebSite\",\"@id\":\"https:\\\/\\\/www.mgydabogados.com\\\/en\\\/#website\",\"url\":\"https:\\\/\\\/www.mgydabogados.com\\\/en\\\/\",\"name\":\"MGYD Abogados\",\"description\":\"\",\"publisher\":{\"@id\":\"https:\\\/\\\/www.mgydabogados.com\\\/en\\\/#organization\"},\"potentialAction\":[{\"@type\":\"SearchAction\",\"target\":{\"@type\":\"EntryPoint\",\"urlTemplate\":\"https:\\\/\\\/www.mgydabogados.com\\\/en\\\/?s={search_term_string}\"},\"query-input\":{\"@type\":\"PropertyValueSpecification\",\"valueRequired\":true,\"valueName\":\"search_term_string\"}}],\"inLanguage\":\"en-US\"},{\"@type\":\"Organization\",\"@id\":\"https:\\\/\\\/www.mgydabogados.com\\\/en\\\/#organization\",\"name\":\"MGYD Abogados\",\"url\":\"https:\\\/\\\/www.mgydabogados.com\\\/en\\\/\",\"logo\":{\"@type\":\"ImageObject\",\"inLanguage\":\"en-US\",\"@id\":\"https:\\\/\\\/www.mgydabogados.com\\\/en\\\/#\\\/schema\\\/logo\\\/image\\\/\",\"url\":\"https:\\\/\\\/www.mgydabogados.com\\\/wp-content\\\/uploads\\\/2023\\\/09\\\/LOGOTIPO.png\",\"contentUrl\":\"https:\\\/\\\/www.mgydabogados.com\\\/wp-content\\\/uploads\\\/2023\\\/09\\\/LOGOTIPO.png\",\"width\":271,\"height\":374,\"caption\":\"MGYD Abogados\"},\"image\":{\"@id\":\"https:\\\/\\\/www.mgydabogados.com\\\/en\\\/#\\\/schema\\\/logo\\\/image\\\/\"}}]}<\/script>\n<!-- \/ Yoast SEO plugin. -->","yoast_head_json":{"title":"Our team of lawyers - MGYD Abogados MGYD Abogados","description":"We have perfectly qualified lawyers for each type of service we offer.","robots":{"index":"index","follow":"follow","max-snippet":"max-snippet:-1","max-image-preview":"max-image-preview:large","max-video-preview":"max-video-preview:-1"},"canonical":"https:\/\/www.mgydabogados.com\/en\/lawyers\/","og_locale":"en_US","og_type":"article","og_title":"Our team of lawyers - MGYD Abogados MGYD Abogados","og_description":"We have perfectly qualified lawyers for each type of service we offer.","og_url":"https:\/\/www.mgydabogados.com\/en\/lawyers\/","og_site_name":"MGYD Abogados","article_modified_time":"2023-11-29T10:16:13+00:00","og_image":[{"width":271,"height":374,"url":"https:\/\/www.mgydabogados.com\/wp-content\/uploads\/2023\/09\/LOGOTIPO.png","type":"image\/png"}],"twitter_card":"summary_large_image","twitter_misc":{"Est. reading time":"1 minute"},"schema":{"@context":"https:\/\/schema.org","@graph":[{"@type":"WebPage","@id":"https:\/\/www.mgydabogados.com\/en\/lawyers\/","url":"https:\/\/www.mgydabogados.com\/en\/lawyers\/","name":"Our team of lawyers - MGYD Abogados MGYD Abogados","isPartOf":{"@id":"https:\/\/www.mgydabogados.com\/en\/#website"},"datePublished":"2023-10-03T08:31:23+00:00","dateModified":"2023-11-29T10:16:13+00:00","description":"We have perfectly qualified lawyers for each type of service we offer.","breadcrumb":{"@id":"https:\/\/www.mgydabogados.com\/en\/lawyers\/#breadcrumb"},"inLanguage":"en-US","potentialAction":[{"@type":"ReadAction","target":["https:\/\/www.mgydabogados.com\/en\/lawyers\/"]}]},{"@type":"BreadcrumbList","@id":"https:\/\/www.mgydabogados.com\/en\/lawyers\/#breadcrumb","itemListElement":[{"@type":"ListItem","position":1,"name":"Portada","item":"https:\/\/www.mgydabogados.com\/en\/home\/"},{"@type":"ListItem","position":2,"name":"Lawyers"}]},{"@type":"WebSite","@id":"https:\/\/www.mgydabogados.com\/en\/#website","url":"https:\/\/www.mgydabogados.com\/en\/","name":"MGYD Abogados","description":"","publisher":{"@id":"https:\/\/www.mgydabogados.com\/en\/#organization"},"potentialAction":[{"@type":"SearchAction","target":{"@type":"EntryPoint","urlTemplate":"https:\/\/www.mgydabogados.com\/en\/?s={search_term_string}"},"query-input":{"@type":"PropertyValueSpecification","valueRequired":true,"valueName":"search_term_string"}}],"inLanguage":"en-US"},{"@type":"Organization","@id":"https:\/\/www.mgydabogados.com\/en\/#organization","name":"MGYD Abogados","url":"https:\/\/www.mgydabogados.com\/en\/","logo":{"@type":"ImageObject","inLanguage":"en-US","@id":"https:\/\/www.mgydabogados.com\/en\/#\/schema\/logo\/image\/","url":"https:\/\/www.mgydabogados.com\/wp-content\/uploads\/2023\/09\/LOGOTIPO.png","contentUrl":"https:\/\/www.mgydabogados.com\/wp-content\/uploads\/2023\/09\/LOGOTIPO.png","width":271,"height":374,"caption":"MGYD Abogados"},"image":{"@id":"https:\/\/www.mgydabogados.com\/en\/#\/schema\/logo\/image\/"}}]}},"_links":{"self":[{"href":"https:\/\/www.mgydabogados.com\/en\/wp-json\/wp\/v2\/pages\/496","targetHints":{"allow":["GET"]}}],"collection":[{"href":"https:\/\/www.mgydabogados.com\/en\/wp-json\/wp\/v2\/pages"}],"about":[{"href":"https:\/\/www.mgydabogados.com\/en\/wp-json\/wp\/v2\/types\/page"}],"author":[{"embeddable":true,"href":"https:\/\/www.mgydabogados.com\/en\/wp-json\/wp\/v2\/users\/1"}],"replies":[{"embeddable":true,"href":"https:\/\/www.mgydabogados.com\/en\/wp-json\/wp\/v2\/comments?post=496"}],"version-history":[{"count":4,"href":"https:\/\/www.mgydabogados.com\/en\/wp-json\/wp\/v2\/pages\/496\/revisions"}],"predecessor-version":[{"id":586,"href":"https:\/\/www.mgydabogados.com\/en\/wp-json\/wp\/v2\/pages\/496\/revisions\/586"}],"wp:attachment":[{"href":"https:\/\/www.mgydabogados.com\/en\/wp-json\/wp\/v2\/media?parent=496"}],"curies":[{"name":"wp","href":"https:\/\/api.w.org\/{rel}","templated":true}]}}